{"id":1240,"date":"2022-11-02T17:19:17","date_gmt":"2022-11-02T17:19:17","guid":{"rendered":"https:\/\/validthemes.net\/themeforest\/wp\/agrul\/?page_id=1240"},"modified":"2025-09-22T09:06:47","modified_gmt":"2025-09-22T09:06:47","slug":"about-us","status":"publish","type":"page","link":"https:\/\/netyumyumurta.com\/index.php\/about-us\/","title":{"rendered":"Hakk\u0131m\u0131zda"},"content":{"rendered":"\t\t<div data-elementor-type=\"wp-page\" data-elementor-id=\"1240\" class=\"elementor elementor-1240\">\n\t\t\t\t\t\t<section class=\"elementor-section elementor-inner-section elementor-element elementor-element-23785a44 elementor-section-content-middle elementor-section-boxed elementor-section-height-default elementor-section-height-default\" data-id=\"23785a44\" data-element_type=\"section\">\n\t\t\t\t\t\t\t<div class=\"elementor-background-overlay\"><\/div>\n\t\t\t\t\t\t\t<div class=\"elementor-container elementor-column-gap-no\">\n\t\t\t\t\t<div class=\"elementor-column elementor-col-50 elementor-inner-column elementor-element elementor-element-25ba5778\" data-id=\"25ba5778\" data-element_type=\"column\">\n\t\t\t<div class=\"elementor-widget-wrap elementor-element-populated\">\n\t\t\t\t\t\t<div class=\"elementor-element elementor-element-2b27e272 elementor-widget elementor-widget-agrul_about_image\" data-id=\"2b27e272\" data-element_type=\"widget\" data-widget_type=\"agrul_about_image.default\">\n\t\t\t\t<div class=\"elementor-widget-container\">\n\t\t\t\t\t\t<div class=\"about-style-one\">\r\n\t\t<div class=\"thumb\">\r\n\t        <img decoding=\"async\" src=\"http:\/\/netyumyumurta.com\/wp-content\/uploads\/2025\/09\/About-Home.jpg\" alt=\"Netyum%20Yumurta\"  \/>\t\t    \t    <\/div>\r\n    <\/div>\r\n    \t\t\t\t<\/div>\n\t\t\t\t<\/div>\n\t\t\t\t\t<\/div>\n\t\t<\/div>\n\t\t\t\t<div class=\"elementor-column elementor-col-50 elementor-inner-column elementor-element elementor-element-6762c17b\" data-id=\"6762c17b\" data-element_type=\"column\">\n\t\t\t<div class=\"elementor-widget-wrap elementor-element-populated\">\n\t\t\t\t\t\t<div class=\"elementor-element elementor-element-8111b6 elementor-widget elementor-widget-agrul_about_content\" data-id=\"8111b6\" data-element_type=\"widget\" data-widget_type=\"agrul_about_content.default\">\n\t\t\t\t<div class=\"elementor-widget-container\">\n\t\t\t\t\t\t\t\t<div class=\"about-style-one\">\r\n\t\t\t\t<div class=\"row align-center\">\r\n\t\t\t\t\t<div class=\"col-xl-7 col-lg-12\">\r\n\t\t\t\t\t\t\t\t\t\t\t\t\t<h2 class=\"heading\">Bizi Yak\u0131ndan<br>\nTan\u0131y\u0131n<\/h2>\r\n\t\t\t\t\t\t\t\t\t\t\t\t\t\t\t\t\t\t\t<p>\r\n\t\t\t\t\t\t\t\tNetyum Yumurta, bu anlay\u0131\u015fla 2025 y\u0131l\u0131nda Gaziantep\u2019in Yavuzeli il\u00e7esinde kurulmu\u015f ve k\u0131sa s\u00fcrede b\u00f6lgenin en modern tesislerinden biri haline gelmi\u015ftir. G\u00fcnl\u00fck 220.000 adet \u00fcretim kapasitesiyle sofralara g\u00fcven ve lezzet ta\u015f\u0131yan Netyum Yumurta, do\u011fall\u0131\u011f\u0131 ve kalitesiyle hem T\u00fcrkiye\u2019nin hem de d\u00fcnyan\u0131n d\u00f6rt bir yan\u0131ndaki mutfaklarda yer almaktad\u0131r.\t\t\t\t\t\t\t<\/p>\r\n\t\t\t\t\t\t\t\t\t\t\t\t\t\t\t\t\t\t\t<ul class=\"check-solid-list mt-20\"><li>220.000 G\u00fcnl\u00fck \u00dcretim Kapasitesi<\/li><li>Hijyen ve G\u00fcvenilirlik<\/li><li>Geni\u015f Da\u011f\u0131t\u0131m A\u011f\u0131<\/li><\/ul>\t\t\t\t\t\t\t\t\t\t\t<\/div>\r\n\r\n\t\t\t\t\t<div class=\"col-xl-5 col-lg-12 pl-50 pl-md-15 pl-xs-15\">\r\n\t\t\t\t\t\t\t\t\t\t\t\t\t<div class=\"top-product-item\">\r\n\t\t\t\t\t\t\t\t\t\t\t\t\t\t\t\t\t\t\t\t\t\t\t\t\t<img decoding=\"async\" src=\"http:\/\/netyumyumurta.com\/wp-content\/uploads\/2025\/09\/easter-egg.png\" alt=\"Netyum Yumurta\">\r\n\t\t\t\t\t\t\t\t\t\t\t\t\t\t\t\t\t\t\t\t\t\t\t\t<h5><a href=\"#\">Do\u011fall\u0131k<\/a><\/h5>\r\n\t\t\t\t\t\t\t\t<p>\r\n\t\t\t\t\t\t\t\t\tSofralara yaln\u0131zca katk\u0131s\u0131z, sa\u011fl\u0131kl\u0131 ve do\u011fal \u00fcr\u00fcnler ula\u015ft\u0131r\u0131yoruz.\t\t\t\t\t\t\t\t<\/p>\r\n\t\t\t\t\t\t\t<\/div>\r\n\t\t\t\t\t\t\t\t\t\t\t\t\t<div class=\"top-product-item\">\r\n\t\t\t\t\t\t\t\t\t\t\t\t\t\t\t\t\t\t\t\t\t\t\t\t\t<img decoding=\"async\" src=\"http:\/\/netyumyumurta.com\/wp-content\/uploads\/2025\/09\/fried-egg.png\" alt=\"Netyum Yumurta\">\r\n\t\t\t\t\t\t\t\t\t\t\t\t\t\t\t\t\t\t\t\t\t\t\t\t<h5><a href=\"#\">G\u00fcven<\/a><\/h5>\r\n\t\t\t\t\t\t\t\t<p>\r\n\t\t\t\t\t\t\t\t\tHer yumurtam\u0131z kalite, hijyen ve g\u00fcvenilirli\u011fin teminat\u0131d\u0131r.\t\t\t\t\t\t\t\t<\/p>\r\n\t\t\t\t\t\t\t<\/div>\r\n\t\t\t\t\t\t\t\t\t\t\t<\/div>\r\n\t\t\t\t<\/div>\r\n\t\t\t<\/div>\r\n\t\t\t\t\t\t<\/div>\n\t\t\t\t<\/div>\n\t\t\t\t\t<\/div>\n\t\t<\/div>\n\t\t\t\t\t<\/div>\n\t\t<\/section>\n\t\t\t\t<section class=\"elementor-section elementor-top-section elementor-element elementor-element-338df71 elementor-section-full_width elementor-section-stretched bg-gray elementor-section-height-default elementor-section-height-default\" data-id=\"338df71\" data-element_type=\"section\" data-settings=\"{&quot;stretch_section&quot;:&quot;section-stretched&quot;,&quot;background_background&quot;:&quot;classic&quot;}\">\n\t\t\t\t\t\t<div class=\"elementor-container elementor-column-gap-no\">\n\t\t\t\t\t<div class=\"elementor-column elementor-col-100 elementor-top-column elementor-element elementor-element-10714a1\" data-id=\"10714a1\" data-element_type=\"column\">\n\t\t\t<div class=\"elementor-widget-wrap elementor-element-populated\">\n\t\t\t\t<div class=\"elementor-element elementor-element-7b6bc67 e-flex e-con-boxed e-con e-parent\" data-id=\"7b6bc67\" data-element_type=\"container\">\n\t\t\t\t\t<div class=\"e-con-inner\">\n\t\t\t\t<div class=\"elementor-element elementor-element-28bea9e elementor-widget elementor-widget-text-editor\" data-id=\"28bea9e\" data-element_type=\"widget\" data-widget_type=\"text-editor.default\">\n\t\t\t\t\t\t\t\t\t<p data-start=\"621\" data-end=\"953\">\u00dcretim tesisimizde yumurtalar, ileri teknolojiye sahip otomasyon sistemleriyle el de\u011fmeden toplanmakta, hijyen standartlar\u0131na uygun \u015fekilde s\u0131n\u0131fland\u0131r\u0131l\u0131p \u00f6zenle paketlenmektedir. K\u00fcmeslerimiz ile yem tesislerimiz entegre bir yap\u0131 olarak tasarlanm\u0131\u015f, b\u00f6ylece hem hayvan sa\u011fl\u0131\u011f\u0131 hem de \u00fcr\u00fcn kalitesi en \u00fcst seviyeye \u00e7\u0131kar\u0131lm\u0131\u015ft\u0131r.<\/p><p data-start=\"955\" data-end=\"1291\">S\u00fcrd\u00fcr\u00fclebilir \u00fcretim anlay\u0131\u015f\u0131n\u0131 benimseyen Netyum Yumurta, sadece t\u00fcketicilere sa\u011fl\u0131kl\u0131 \u00fcr\u00fcnler sunmakla kalmaz, ayn\u0131 zamanda \u00fclke ekonomisine ve istihdama da katk\u0131 sa\u011flamaktad\u0131r. Geni\u015f ve g\u00fc\u00e7l\u00fc da\u011f\u0131t\u0131m a\u011f\u0131m\u0131z sayesinde \u00fcr\u00fcnlerimiz, i\u00e7 pazarda h\u0131zla t\u00fcketicilere ula\u015f\u0131rken, d\u0131\u015f pazarda da d\u00fcnyan\u0131n bir\u00e7ok \u00fclkesine ihra\u00e7 edilmektedir.<\/p><p data-start=\"1293\" data-end=\"1559\">Helal sertifikal\u0131 ve kalite \u00f6d\u00fcll\u00fc \u00fcretim s\u00fcre\u00e7lerimiz, \u201ckaliteden \u00f6d\u00fcn vermeden \u00fcretim\u201d ilkesinin bir yans\u0131mas\u0131d\u0131r. \u00c7\u00fcnk\u00fc biz biliyoruz ki; sofralara ula\u015fan her yumurta, yaln\u0131zca bir g\u0131da \u00fcr\u00fcn\u00fc de\u011fil, ayn\u0131 zamanda sa\u011fl\u0131kl\u0131 nesillerin temeli ve g\u00fcvenin simgesidir.<\/p><p data-start=\"1561\" data-end=\"1732\"><strong>Netyum Yumurta<\/strong> olarak vizyonumuz; do\u011fal, sa\u011fl\u0131kl\u0131 ve g\u00fcvenilir yumurtalar\u0131 d\u00fcnyan\u0131n her k\u00f6\u015fesine ula\u015ft\u0131rmak, her sofrada g\u00f6n\u00fcl rahatl\u0131\u011f\u0131yla t\u00fcketilen bir marka olmakt\u0131r.<\/p>\t\t\t\t\t\t\t\t<\/div>\n\t\t\t\t\t<\/div>\n\t\t\t\t<\/div>\n\t\t\t\t\t<\/div>\n\t\t<\/div>\n\t\t\t\t\t<\/div>\n\t\t<\/section>\n\t\t<div class=\"elementor-element elementor-element-aa65b7e e-con-full e-flex e-con e-parent\" data-id=\"aa65b7e\" data-element_type=\"container\">\n\t\t\t\t<div class=\"elementor-element elementor-element-96023bd elementor-widget elementor-widget-image\" data-id=\"96023bd\" data-element_type=\"widget\" data-widget_type=\"image.default\">\n\t\t\t\t\t\t\t\t\t\t\t\t\t\t\t<img fetchpriority=\"high\" decoding=\"async\" width=\"751\" height=\"206\" src=\"https:\/\/netyumyumurta.com\/wp-content\/uploads\/2025\/09\/BannerNew-3-1024x281.jpg\" class=\"attachment-large size-large wp-image-2465\" alt=\"\" srcset=\"https:\/\/netyumyumurta.com\/wp-content\/uploads\/2025\/09\/BannerNew-3-1024x281.jpg 1024w, https:\/\/netyumyumurta.com\/wp-content\/uploads\/2025\/09\/BannerNew-3-500x137.jpg 500w, https:\/\/netyumyumurta.com\/wp-content\/uploads\/2025\/09\/BannerNew-3-300x82.jpg 300w, https:\/\/netyumyumurta.com\/wp-content\/uploads\/2025\/09\/BannerNew-3-768x211.jpg 768w, https:\/\/netyumyumurta.com\/wp-content\/uploads\/2025\/09\/BannerNew-3-1536x421.jpg 1536w, https:\/\/netyumyumurta.com\/wp-content\/uploads\/2025\/09\/BannerNew-3.jpg 1824w\" sizes=\"(max-width: 751px) 100vw, 751px\" \/>\t\t\t\t\t\t\t\t\t\t\t\t\t\t\t<\/div>\n\t\t\t\t<\/div>\n\t\t\t\t<\/div>\n\t\t","protected":false},"excerpt":{"rendered":"<p>Bizi Yak\u0131ndan Tan\u0131y\u0131n Netyum Yumurta, bu anlay\u0131\u015fla 2025 y\u0131l\u0131nda Gaziantep\u2019in Yavuzeli il\u00e7esinde kurulmu\u015f ve k\u0131sa s\u00fcrede b\u00f6lgenin en modern tesislerinden biri haline gelmi\u015ftir. G\u00fcnl\u00fck 220.000 adet \u00fcretim kapasitesiyle sofralara g\u00fcven ve lezzet ta\u015f\u0131yan Netyum Yumurta, do\u011fall\u0131\u011f\u0131 ve kalitesiyle hem T\u00fcrkiye\u2019nin hem de d\u00fcnyan\u0131n d\u00f6rt bir yan\u0131ndaki mutfaklarda yer almaktad\u0131r. 220.000 G\u00fcnl\u00fck \u00dcretim Kapasitesi Hijyen ve&#8230;<\/p>\n","protected":false},"author":1,"featured_media":0,"parent":0,"menu_order":0,"comment_status":"closed","ping_status":"closed","template":"elementor_header_footer","meta":{"footnotes":""},"class_list":["post-1240","page","type-page","status-publish","hentry"],"_links":{"self":[{"href":"https:\/\/netyumyumurta.com\/index.php\/wp-json\/wp\/v2\/pages\/1240","targetHints":{"allow":["GET"]}}],"collection":[{"href":"https:\/\/netyumyumurta.com\/index.php\/wp-json\/wp\/v2\/pages"}],"about":[{"href":"https:\/\/netyumyumurta.com\/index.php\/wp-json\/wp\/v2\/types\/page"}],"author":[{"embeddable":true,"href":"https:\/\/netyumyumurta.com\/index.php\/wp-json\/wp\/v2\/users\/1"}],"replies":[{"embeddable":true,"href":"https:\/\/netyumyumurta.com\/index.php\/wp-json\/wp\/v2\/comments?post=1240"}],"version-history":[{"count":8,"href":"https:\/\/netyumyumurta.com\/index.php\/wp-json\/wp\/v2\/pages\/1240\/revisions"}],"predecessor-version":[{"id":2530,"href":"https:\/\/netyumyumurta.com\/index.php\/wp-json\/wp\/v2\/pages\/1240\/revisions\/2530"}],"wp:attachment":[{"href":"https:\/\/netyumyumurta.com\/index.php\/wp-json\/wp\/v2\/media?parent=1240"}],"curies":[{"name":"wp","href":"https:\/\/api.w.org\/{rel}","templated":true}]}}